{"id":347,"date":"2023-04-18T18:21:41","date_gmt":"2023-04-18T18:21:41","guid":{"rendered":"https:\/\/pizzajamesmood.ro\/?post_type=product&#038;p=347"},"modified":"2023-08-26T13:37:04","modified_gmt":"2023-08-26T13:37:04","slug":"salata-vinete","status":"publish","type":"product","link":"https:\/\/pizzajamesmood.ro\/index.php\/product\/salata-vinete\/","title":{"rendered":"Salat\u0103  Vinete"},"content":{"rendered":"","protected":false},"excerpt":{"rendered":"<p>vinete coapte, ceap\u0103 tocat\u0103, ulei, sare, ro\u0219ii felii<\/p>\n","protected":false},"featured_media":478,"comment_status":"open","ping_status":"closed","template":"","meta":{"site-sidebar-layout":"default","site-content-layout":"default","ast-global-header-display":"","ast-main-header-display":"","ast-hfb-above-header-display":"","ast-hfb-below-header-display":"","ast-hfb-mobile-header-display":"","site-post-title":"","ast-breadcrumbs-content":"","ast-featured-img":"","footer-sml-layout":"","theme-transparent-header-meta":"default","adv-header-id-meta":"","stick-header-meta":"","header-above-stick-meta":"","header-main-stick-meta":"","header-below-stick-meta":""},"product_cat":[26],"product_tag":[],"class_list":["post-347","product","type-product","status-publish","has-post-thumbnail","hentry","product_cat-salate","desktop-align-left","tablet-align-left","mobile-align-left"],"_links":{"self":[{"href":"https:\/\/pizzajamesmood.ro\/index.php\/wp-json\/wp\/v3\/product\/347","targetHints":{"allow":["GET"]}}],"collection":[{"href":"https:\/\/pizzajamesmood.ro\/index.php\/wp-json\/wp\/v3\/product"}],"about":[{"href":"https:\/\/pizzajamesmood.ro\/index.php\/wp-json\/wp\/v2\/types\/product"}],"replies":[{"embeddable":true,"href":"https:\/\/pizzajamesmood.ro\/index.php\/wp-json\/wp\/v2\/comments?post=347"}],"wp:featuredmedia":[{"embeddable":true,"href":"https:\/\/pizzajamesmood.ro\/index.php\/wp-json\/wp\/v2\/media\/478"}],"wp:attachment":[{"href":"https:\/\/pizzajamesmood.ro\/index.php\/wp-json\/wp\/v2\/media?parent=347"}],"wp:term":[{"taxonomy":"product_cat","embeddable":true,"href":"https:\/\/pizzajamesmood.ro\/index.php\/wp-json\/wp\/v2\/product_cat?post=347"},{"taxonomy":"product_tag","embeddable":true,"href":"https:\/\/pizzajamesmood.ro\/index.php\/wp-json\/wp\/v2\/product_tag?post=347"}],"curies":[{"name":"wp","href":"https:\/\/api.w.org\/{rel}","templated":true}]}}