{"id":174,"date":"2023-04-07T11:05:59","date_gmt":"2023-04-07T11:05:59","guid":{"rendered":"https:\/\/pizzajamesmood.ro\/?post_type=product&#038;p=174"},"modified":"2025-02-07T19:09:28","modified_gmt":"2025-02-07T19:09:28","slug":"piept-de-pui-in-lipie","status":"publish","type":"product","link":"https:\/\/pizzajamesmood.ro\/index.php\/product\/piept-de-pui-in-lipie\/","title":{"rendered":"Piept de Pui \u00een Lipie"},"content":{"rendered":"","protected":false},"excerpt":{"rendered":"<p>piept de pui la gr\u0103tar, lipie, br\u00e2nz\u0103 ceddar, ceap\u0103, salat\u0103 verde, castrave\u021bi murati, cartofi pr\u0103ji\u021bi<\/p>\n<p>250g<\/p>\n","protected":false},"featured_media":537,"comment_status":"open","ping_status":"closed","template":"","meta":{"site-sidebar-layout":"default","site-content-layout":"default","ast-global-header-display":"","ast-main-header-display":"","ast-hfb-above-header-display":"","ast-hfb-below-header-display":"","ast-hfb-mobile-header-display":"","site-post-title":"","ast-breadcrumbs-content":"","ast-featured-img":"","footer-sml-layout":"","theme-transparent-header-meta":"default","adv-header-id-meta":"","stick-header-meta":"","header-above-stick-meta":"","header-main-stick-meta":"","header-below-stick-meta":""},"product_cat":[24],"product_tag":[],"class_list":["post-174","product","type-product","status-publish","has-post-thumbnail","hentry","product_cat-preparate-rapide","desktop-align-left","tablet-align-left","mobile-align-left"],"_links":{"self":[{"href":"https:\/\/pizzajamesmood.ro\/index.php\/wp-json\/wp\/v3\/product\/174","targetHints":{"allow":["GET"]}}],"collection":[{"href":"https:\/\/pizzajamesmood.ro\/index.php\/wp-json\/wp\/v3\/product"}],"about":[{"href":"https:\/\/pizzajamesmood.ro\/index.php\/wp-json\/wp\/v2\/types\/product"}],"replies":[{"embeddable":true,"href":"https:\/\/pizzajamesmood.ro\/index.php\/wp-json\/wp\/v2\/comments?post=174"}],"wp:featuredmedia":[{"embeddable":true,"href":"https:\/\/pizzajamesmood.ro\/index.php\/wp-json\/wp\/v2\/media\/537"}],"wp:attachment":[{"href":"https:\/\/pizzajamesmood.ro\/index.php\/wp-json\/wp\/v2\/media?parent=174"}],"wp:term":[{"taxonomy":"product_cat","embeddable":true,"href":"https:\/\/pizzajamesmood.ro\/index.php\/wp-json\/wp\/v2\/product_cat?post=174"},{"taxonomy":"product_tag","embeddable":true,"href":"https:\/\/pizzajamesmood.ro\/index.php\/wp-json\/wp\/v2\/product_tag?post=174"}],"curies":[{"name":"wp","href":"https:\/\/api.w.org\/{rel}","templated":true}]}}